{"id":76,"date":"2025-06-20T14:17:28","date_gmt":"2025-06-20T12:17:28","guid":{"rendered":"https:\/\/rozmowaoprace.pl\/?page_id=76"},"modified":"2025-07-18T10:03:03","modified_gmt":"2025-07-18T08:03:03","slug":"blog","status":"publish","type":"page","link":"https:\/\/rozmowaoprace.pl\/index.php\/blog\/","title":{"rendered":"Blog"},"content":{"rendered":"\n<div class=\"wp-block-group alignfull has-background-background-color has-background has-global-padding is-layout-constrained wp-container-core-group-is-layout-28549256 wp-block-group-is-layout-constrained\" style=\"margin-top:0;margin-bottom:0;padding-top:var(--wp--preset--spacing--60);padding-right:var(--wp--preset--spacing--30);padding-bottom:var(--wp--preset--spacing--60);padding-left:var(--wp--preset--spacing--30)\">\n<div class=\"wp-block-group alignwide is-vertical is-layout-flex wp-container-core-group-is-layout-fe9cc265 wp-block-group-is-layout-flex\">\n<div class=\"wp-block-group has-global-padding is-layout-constrained wp-block-group-is-layout-constrained\">\n<h2 class=\"wp-block-heading has-large-font-size\"><\/h2>\n\n\n\n<p style=\"margin-top:16px\"><\/p>\n<\/div>\n<\/div>\n\n\n\n<div data-wp-context=\"{}\" data-wp-interactive=\"core\/query\" data-wp-key=\"10\" data-wp-router-region=\"query-10\" class=\"wp-block-query alignwide is-layout-flow wp-block-query-is-layout-flow\"><ul class=\"columns-2 wp-block-post-template is-layout-grid wp-container-core-post-template-is-layout-523d4961 wp-block-post-template-is-layout-grid\"><li data-wp-key=\"post-template-item-91\" class=\"wp-block-post post-91 post type-post status-publish format-standard has-post-thumbnail hentry category-bez-kategorii\">\n\n<div class=\"wp-block-columns are-vertically-aligned-center has-tertiary-background-color has-background is-layout-flex wp-container-core-columns-is-layout-7ee115f0 wp-block-columns-is-layout-flex\" style=\"padding-top:0;padding-right:0;padding-bottom:0;padding-left:0\">\n<div class=\"wp-block-column is-vertically-aligned-center is-layout-flow wp-block-column-is-layout-flow\"><figure style=\"aspect-ratio:1;\" class=\"wp-block-post-featured-image\"><a href=\"https:\/\/rozmowaoprace.pl\/index.php\/2025\/06\/21\/jak-sie-przygotowac-do-rozmowy-o-prace\/\" target=\"_self\"  ><img loading=\"lazy\" decoding=\"async\" width=\"1024\" height=\"1536\" src=\"https:\/\/rozmowaoprace.pl\/wp-content\/uploads\/2025\/06\/ChatGPT-Image-21-cze-2025-11_22_53.png\" class=\"attachment-post-thumbnail size-post-thumbnail wp-post-image\" alt=\"Jak si\u0119 przygotowa\u0107 do rozmowy o prac\u0119?\" style=\"width:100%;height:100%;object-fit:cover;\" srcset=\"https:\/\/rozmowaoprace.pl\/wp-content\/uploads\/2025\/06\/ChatGPT-Image-21-cze-2025-11_22_53.png 1024w, https:\/\/rozmowaoprace.pl\/wp-content\/uploads\/2025\/06\/ChatGPT-Image-21-cze-2025-11_22_53-200x300.png 200w, https:\/\/rozmowaoprace.pl\/wp-content\/uploads\/2025\/06\/ChatGPT-Image-21-cze-2025-11_22_53-683x1024.png 683w, https:\/\/rozmowaoprace.pl\/wp-content\/uploads\/2025\/06\/ChatGPT-Image-21-cze-2025-11_22_53-768x1152.png 768w\" sizes=\"auto, (max-width: 1024px) 100vw, 1024px\" \/><\/a><\/figure><\/div>\n\n\n\n<div class=\"wp-block-column is-vertically-aligned-center is-layout-flow wp-block-column-is-layout-flow\">\n<div class=\"wp-block-group has-global-padding is-layout-constrained wp-container-core-group-is-layout-80fb368b wp-block-group-is-layout-constrained\" style=\"padding-top:var(--wp--preset--spacing--30);padding-right:var(--wp--preset--spacing--30);padding-bottom:var(--wp--preset--spacing--30);padding-left:var(--wp--preset--spacing--30)\"><div class=\"taxonomy-category has-link-color wp-elements-2bac158711617329ff66a9b07b2da425 wp-block-post-terms has-small-font-size\"><a href=\"https:\/\/rozmowaoprace.pl\/index.php\/category\/bez-kategorii\/\" rel=\"tag\">Bez kategorii<\/a><\/div>\n\n<h2 style=\"font-size:clamp(0.875rem, 0.875rem + ((1vw - 0.2rem) * 0.682), 1.25rem); margin-top:6px;margin-bottom:12px;\" class=\"wp-block-post-title\"><a href=\"https:\/\/rozmowaoprace.pl\/index.php\/2025\/06\/21\/jak-sie-przygotowac-do-rozmowy-o-prace\/\" target=\"_self\" >Jak si\u0119 przygotowa\u0107 do rozmowy o prac\u0119?<\/a><\/h2>\n\n<div style=\"margin-top:0;margin-bottom:0;\" class=\"wp-block-post-excerpt has-small-font-size\"><p class=\"wp-block-post-excerpt__excerpt\">&#x2705; 1. Poznaj firm\u0119 &#x2705; 2. Przeanalizuj og\u0142oszenie o prac\u0119 &#x2705; 3. Prze\u0107wicz odpowiedzi na&hellip; <\/p><\/div><\/div>\n<\/div>\n<\/div>\n\n<\/li><li data-wp-key=\"post-template-item-1\" class=\"wp-block-post post-1 post type-post status-publish format-standard has-post-thumbnail hentry category-ai category-interview\">\n\n<div class=\"wp-block-columns are-vertically-aligned-center has-tertiary-background-color has-background is-layout-flex wp-container-core-columns-is-layout-7ee115f0 wp-block-columns-is-layout-flex\" style=\"padding-top:0;padding-right:0;padding-bottom:0;padding-left:0\">\n<div class=\"wp-block-column is-vertically-aligned-center is-layout-flow wp-block-column-is-layout-flow\"><figure style=\"aspect-ratio:1;\" class=\"wp-block-post-featured-image\"><a href=\"https:\/\/rozmowaoprace.pl\/index.php\/2025\/04\/17\/witaj-swiecie\/\" target=\"_self\"  ><img loading=\"lazy\" decoding=\"async\" width=\"842\" height=\"421\" src=\"https:\/\/rozmowaoprace.pl\/wp-content\/uploads\/2025\/04\/AI_V.webp\" class=\"attachment-post-thumbnail size-post-thumbnail wp-post-image\" alt=\"Jak si\u0119 przygotowa\u0107 do rozmowy z AI?\" style=\"width:100%;height:100%;object-fit:cover;\" srcset=\"https:\/\/rozmowaoprace.pl\/wp-content\/uploads\/2025\/04\/AI_V.webp 842w, https:\/\/rozmowaoprace.pl\/wp-content\/uploads\/2025\/04\/AI_V-300x150.webp 300w, https:\/\/rozmowaoprace.pl\/wp-content\/uploads\/2025\/04\/AI_V-768x384.webp 768w\" sizes=\"auto, (max-width: 842px) 100vw, 842px\" \/><\/a><\/figure><\/div>\n\n\n\n<div class=\"wp-block-column is-vertically-aligned-center is-layout-flow wp-block-column-is-layout-flow\">\n<div class=\"wp-block-group has-global-padding is-layout-constrained wp-container-core-group-is-layout-80fb368b wp-block-group-is-layout-constrained\" style=\"padding-top:var(--wp--preset--spacing--30);padding-right:var(--wp--preset--spacing--30);padding-bottom:var(--wp--preset--spacing--30);padding-left:var(--wp--preset--spacing--30)\"><div class=\"taxonomy-category has-link-color wp-elements-2bac158711617329ff66a9b07b2da425 wp-block-post-terms has-small-font-size\"><a href=\"https:\/\/rozmowaoprace.pl\/index.php\/category\/ai\/\" rel=\"tag\">AI<\/a><span class=\"wp-block-post-terms__separator\">, <\/span><a href=\"https:\/\/rozmowaoprace.pl\/index.php\/category\/interview\/\" rel=\"tag\">Interview<\/a><\/div>\n\n<h2 style=\"font-size:clamp(0.875rem, 0.875rem + ((1vw - 0.2rem) * 0.682), 1.25rem); margin-top:6px;margin-bottom:12px;\" class=\"wp-block-post-title\"><a href=\"https:\/\/rozmowaoprace.pl\/index.php\/2025\/04\/17\/witaj-swiecie\/\" target=\"_self\" >Jak si\u0119 przygotowa\u0107 do rozmowy z AI?<\/a><\/h2>\n\n<div style=\"margin-top:0;margin-bottom:0;\" class=\"wp-block-post-excerpt has-small-font-size\"><p class=\"wp-block-post-excerpt__excerpt\">Przygotowanie do rozmowy kwalifikacyjnej prowadzonej przez AI (np. systemy typu HireVue, Pymetrics, czy chatboci rekrutacyjni)&hellip; <\/p><\/div><\/div>\n<\/div>\n<\/div>\n\n<\/li><\/ul><\/div>\n\n\n\n<div class=\"wp-block-buttons is-content-justification-center is-layout-flex wp-container-core-buttons-is-layout-d8c0be80 wp-block-buttons-is-layout-flex\" style=\"margin-top:var(--wp--preset--spacing--40)\">\n<div class=\"wp-block-button\"><a class=\"wp-block-button__link wp-element-button\" href=\"#extendify-blog\">Wy\u015bwietl wszystko.<\/a><\/div>\n<\/div>\n<\/div>\n","protected":false},"excerpt":{"rendered":"","protected":false},"author":1,"featured_media":0,"parent":0,"menu_order":0,"comment_status":"closed","ping_status":"closed","template":"no-title-space","meta":{"footnotes":""},"class_list":["post-76","page","type-page","status-publish","hentry"],"_links":{"self":[{"href":"https:\/\/rozmowaoprace.pl\/index.php\/wp-json\/wp\/v2\/pages\/76","targetHints":{"allow":["GET"]}}],"collection":[{"href":"https:\/\/rozmowaoprace.pl\/index.php\/wp-json\/wp\/v2\/pages"}],"about":[{"href":"https:\/\/rozmowaoprace.pl\/index.php\/wp-json\/wp\/v2\/types\/page"}],"author":[{"embeddable":true,"href":"https:\/\/rozmowaoprace.pl\/index.php\/wp-json\/wp\/v2\/users\/1"}],"replies":[{"embeddable":true,"href":"https:\/\/rozmowaoprace.pl\/index.php\/wp-json\/wp\/v2\/comments?post=76"}],"version-history":[{"count":2,"href":"https:\/\/rozmowaoprace.pl\/index.php\/wp-json\/wp\/v2\/pages\/76\/revisions"}],"predecessor-version":[{"id":90,"href":"https:\/\/rozmowaoprace.pl\/index.php\/wp-json\/wp\/v2\/pages\/76\/revisions\/90"}],"wp:attachment":[{"href":"https:\/\/rozmowaoprace.pl\/index.php\/wp-json\/wp\/v2\/media?parent=76"}],"curies":[{"name":"wp","href":"https:\/\/api.w.org\/{rel}","templated":true}]}}